{"id":500,"date":"2021-04-07T20:45:57","date_gmt":"2021-04-07T18:45:57","guid":{"rendered":"http:\/\/xn--vds-vido-drone-cambrai-h8b.com\/?page_id=500"},"modified":"2021-06-22T08:38:42","modified_gmt":"2021-06-22T06:38:42","slug":"realisation-et-montage-video","status":"publish","type":"page","link":"https:\/\/xn--vds-vido-drone-cambrai-h8b.com\/index.php\/realisation-et-montage-video\/","title":{"rendered":"R\u00e9alisation et montage Vid\u00e9o"},"content":{"rendered":"<div data-colibri-id=\"500-c1\" class=\"style-489 style-local-500-c1 position-relative\">\r\n  <!---->\r\n  <div data-colibri-component=\"section\" data-colibri-id=\"500-c2\" id=\"about\" class=\"h-section h-section-global-spacing d-flex align-items-lg-center align-items-md-center align-items-end style-506 style-local-500-c2 h-overflow-hidden position-relative\">\r\n    <div class=\"background-wrapper\">\r\n      <div class=\"background-layer background-layer-media-container-lg\">\r\n        <!---->\r\n        <div class=\"overlay-layer\">\r\n          <div class=\"overlay-image-layer\" style=\"background-image: linear-gradient(90deg, rgba(255, 255, 255, 0.5) 0%, rgb(255, 255, 255) 45%);\"><\/div>\r\n        <\/div>\r\n      <\/div>\r\n      <div class=\"background-layer background-layer-media-container-md\">\r\n        <!---->\r\n        <div class=\"overlay-layer\">\r\n          <div class=\"overlay-image-layer\" style=\"background-image: linear-gradient(90deg, rgba(255, 255, 255, 0.5) 0%, rgb(255, 255, 255) 45%);\"><\/div>\r\n        <\/div>\r\n      <\/div>\r\n      <div class=\"background-layer background-layer-media-container\">\r\n        <!---->\r\n        <div class=\"overlay-layer\">\r\n          <div class=\"overlay-image-layer\" style=\"background-image: linear-gradient(90deg, rgba(255, 255, 255, 0.5) 0%, rgb(255, 255, 255) 45%);\"><\/div>\r\n        <\/div>\r\n      <\/div>\r\n    <\/div>\r\n    <!---->\r\n    <div class=\"h-section-grid-container h-section-boxed-container\">\r\n      <!---->\r\n      <div data-colibri-id=\"500-c3\" class=\"h-row-container gutters-row-lg-2 gutters-row-md-2 gutters-row-0 gutters-row-v-lg-2 gutters-row-v-md-2 gutters-row-v-2 style-534 style-local-500-c3 position-relative\">\r\n        <!---->\r\n        <div class=\"h-row justify-content-lg-center justify-content-md-center justify-content-center align-items-lg-stretch align-items-md-stretch align-items-stretch gutters-col-lg-2 gutters-col-md-2 gutters-col-0 gutters-col-v-lg-2 gutters-col-v-md-2 gutters-col-v-2\">\r\n          <!---->\r\n          <div class=\"h-column h-column-container d-flex h-col-lg-auto h-col-md-auto h-col-auto style-535-outer style-local-500-c4-outer\">\r\n            <div data-colibri-id=\"500-c4\" class=\"d-flex h-flex-basis h-column__inner h-px-lg-2 h-px-md-2 h-px-2 v-inner-lg-2 v-inner-md-2 v-inner-2 style-535 style-local-500-c4 position-relative\">\r\n              <!---->\r\n              <!---->\r\n              <div class=\"w-100 h-y-container h-column__content h-column__v-align flex-basis-100 align-self-lg-start align-self-md-start align-self-start\">\r\n                <!---->\r\n                <div data-colibri-id=\"500-c5\" class=\"style-536 style-local-500-c5 position-relative h-element\">\r\n                  <!---->\r\n                <\/div>\r\n              <\/div>\r\n            <\/div>\r\n          <\/div>\r\n        <\/div>\r\n      <\/div>\r\n      <div data-colibri-id=\"500-c6\" class=\"h-row-container gutters-row-lg-0 gutters-row-md-0 gutters-row-2 gutters-row-v-lg-0 gutters-row-v-md-0 gutters-row-v-0 style-507 style-local-500-c6 position-relative\">\r\n        <!---->\r\n        <div class=\"h-row justify-content-lg-end justify-content-md-end justify-content-center align-items-lg-stretch align-items-md-stretch align-items-stretch gutters-col-lg-0 gutters-col-md-0 gutters-col-2 gutters-col-v-lg-0 gutters-col-v-md-0 gutters-col-v-0\">\r\n          <!---->\r\n          <div class=\"h-column h-column-container d-flex h-col-lg-auto h-col-md-auto h-col-auto style-508-outer style-local-500-c7-outer\">\r\n            <div data-colibri-id=\"500-c7\" class=\"d-flex h-flex-basis h-column__inner h-px-lg-2 h-px-md-2 h-px-0 v-inner-lg-2 v-inner-md-2 v-inner-0 style-508 style-local-500-c7 position-relative\">\r\n              <!---->\r\n              <!---->\r\n              <div class=\"w-100 h-y-container h-column__content h-column__v-align flex-basis-100 align-self-lg-end align-self-md-end align-self-end\">\r\n                <!---->\r\n                <div data-colibri-id=\"500-c8\" class=\"h-global-transition-all h-heading style-509 style-local-500-c8 position-relative h-element\">\r\n                  <!---->\r\n                  <div class=\"h-heading__outer style-509 style-local-500-c8\">\r\n                    <!---->\r\n                    <!---->\r\n                    <h2 class=\"\"><span style=\"color: rgb(90, 36, 101);\">Des projets sur mesure<\/span><\/h2>\r\n                  <\/div>\r\n                <\/div>\r\n                <div data-colibri-id=\"500-c9\" class=\"style-575 style-local-500-c9 position-relative h-element\">\r\n                  <!---->\r\n                <\/div>\r\n                <div data-colibri-id=\"500-c10\" class=\"h-text h-text-component style-510 style-local-500-c10 position-relative h-element\">\r\n                  <!---->\r\n                  <!---->\r\n                  <div class=\"\">\r\n                    <p><span style=\"color: rgb(13, 13, 13);\">Adapt\u00e9 \u00e0 votre image d&rsquo;entreprise, \u00e0 vos valeurs, \u00e0 vos envies. VDS s&rsquo;efforce de faire du projet vid\u00e9o, VOTRE projet. Le projet inclut la r\u00e9flexion du sc\u00e9nario, l&rsquo;ambiance, le type d&rsquo;image et de montage souhait\u00e9.<\/span><\/p>\r\n                  <\/div>\r\n                <\/div>\r\n                <div data-colibri-id=\"500-c11\" class=\"h-x-container style-537 style-local-500-c11 position-relative h-element\">\r\n                  <!---->\r\n                  <div class=\"h-x-container-inner style-dynamic-500-c11-group style-537-spacing style-local-500-c11-spacing\"><span class=\"h-button__outer style-538-outer style-local-500-c12-outer d-inline-flex h-element\"><a h-use-smooth-scroll=\"true\" href=\" https:\/\/xn--vds-vido-drone-cambrai-h8b.com\/index.php\/contact\/\"  data-colibri-id=\"500-c12\" class=\"d-flex w-100 align-items-center h-button justify-content-lg-center justify-content-md-center justify-content-center style-538 style-local-500-c12 position-relative\"><!----><!----> <span>demandez un devis<\/span><\/a>\r\n                    <\/span>\r\n                  <\/div>\r\n                <\/div>\r\n              <\/div>\r\n            <\/div>\r\n          <\/div>\r\n        <\/div>\r\n      <\/div>\r\n      <div data-colibri-id=\"500-c13\" class=\"h-row-container gutters-row-lg-2 gutters-row-md-2 gutters-row-0 gutters-row-v-lg-2 gutters-row-v-md-2 gutters-row-v-2 style-571 style-local-500-c13 position-relative\">\r\n        <!---->\r\n        <div class=\"h-row justify-content-lg-center justify-content-md-center justify-content-center align-items-lg-stretch align-items-md-stretch align-items-stretch gutters-col-lg-2 gutters-col-md-2 gutters-col-0 gutters-col-v-lg-2 gutters-col-v-md-2 gutters-col-v-2\">\r\n          <!---->\r\n          <div class=\"h-column h-column-container d-flex h-col-lg-auto h-col-md-auto h-col-auto style-572-outer style-local-500-c14-outer\">\r\n            <div data-colibri-id=\"500-c14\" class=\"d-flex h-flex-basis h-column__inner h-px-lg-2 h-px-md-2 h-px-2 v-inner-lg-2 v-inner-md-2 v-inner-2 style-572 style-local-500-c14 position-relative\">\r\n              <!---->\r\n              <!---->\r\n              <div class=\"w-100 h-y-container h-column__content h-column__v-align flex-basis-100 align-self-lg-start align-self-md-start align-self-start\">\r\n                <!---->\r\n                <div data-colibri-id=\"500-c15\" class=\"style-573 style-local-500-c15 position-relative h-element\">\r\n                  <!---->\r\n                <\/div>\r\n              <\/div>\r\n            <\/div>\r\n          <\/div>\r\n        <\/div>\r\n      <\/div>\r\n    <\/div>\r\n  <\/div>\r\n  <div data-colibri-component=\"section\" data-colibri-id=\"500-c16\" id=\"about-2\" class=\"h-section h-section-global-spacing d-flex align-items-lg-center align-items-md-center align-items-end style-566 style-local-500-c16 h-overflow-hidden position-relative\">\r\n    <div class=\"background-wrapper\">\r\n      <div class=\"background-layer background-layer-media-container-lg\">\r\n        <!---->\r\n        <div class=\"overlay-layer\">\r\n          <div class=\"overlay-image-layer\" style=\"background-image: linear-gradient(90deg, rgb(255, 255, 255) 55%, rgba(255, 255, 255, 0.5) 100%);\"><\/div>\r\n        <\/div>\r\n      <\/div>\r\n      <div class=\"background-layer background-layer-media-container-md\">\r\n        <!---->\r\n        <div class=\"overlay-layer\">\r\n          <div class=\"overlay-image-layer\" style=\"background-image: linear-gradient(90deg, rgb(255, 255, 255) 55%, rgba(255, 255, 255, 0.5) 100%);\"><\/div>\r\n        <\/div>\r\n      <\/div>\r\n      <div class=\"background-layer background-layer-media-container\">\r\n        <!---->\r\n        <div class=\"overlay-layer\">\r\n          <div class=\"overlay-image-layer\" style=\"background-image: linear-gradient(90deg, rgb(255, 255, 255) 55%, rgba(255, 255, 255, 0.5) 100%);\"><\/div>\r\n        <\/div>\r\n      <\/div>\r\n    <\/div>\r\n    <!---->\r\n    <div class=\"h-section-grid-container h-section-boxed-container\">\r\n      <!---->\r\n      <div data-colibri-id=\"500-c17\" class=\"h-row-container gutters-row-lg-0 gutters-row-md-0 gutters-row-2 gutters-row-v-lg-0 gutters-row-v-md-0 gutters-row-v-0 style-567 style-local-500-c17 position-relative\">\r\n        <!---->\r\n        <div class=\"h-row justify-content-lg-start justify-content-md-start justify-content-center align-items-lg-stretch align-items-md-stretch align-items-stretch gutters-col-lg-0 gutters-col-md-0 gutters-col-2 gutters-col-v-lg-0 gutters-col-v-md-0 gutters-col-v-0\">\r\n          <!---->\r\n          <div class=\"h-column h-column-container d-flex h-col-lg-auto h-col-md-auto h-col-auto style-568-outer style-local-500-c18-outer\">\r\n            <div data-colibri-id=\"500-c18\" class=\"d-flex h-flex-basis h-column__inner h-px-lg-2 h-px-md-2 h-px-0 v-inner-lg-2 v-inner-md-2 v-inner-0 style-568 style-local-500-c18 position-relative\">\r\n              <!---->\r\n              <!---->\r\n              <div class=\"w-100 h-y-container h-column__content h-column__v-align flex-basis-100 align-self-lg-end align-self-md-end align-self-end\">\r\n                <!---->\r\n                <div data-colibri-id=\"500-c19\" class=\"h-global-transition-all h-heading style-569 style-local-500-c19 position-relative h-element\">\r\n                  <!---->\r\n                  <div class=\"h-heading__outer style-569 style-local-500-c19\">\r\n                    <!---->\r\n                    <!---->\r\n                    <h2 class=\"\"><span style=\"color: rgb(90, 36, 101);\">Cr\u00e9atif et Adapt\u00e9\ufeff<\/span><\/h2>\r\n                  <\/div>\r\n                <\/div>\r\n                <div data-colibri-id=\"500-c20\" class=\"style-574 style-local-500-c20 position-relative h-element\">\r\n                  <!---->\r\n                <\/div>\r\n                <div data-colibri-id=\"500-c21\" class=\"h-text h-text-component style-570 style-local-500-c21 position-relative h-element\">\r\n                  <!---->\r\n                  <!---->\r\n                  <div class=\"\">\r\n                    <p><span style=\"color: rgb(15, 16, 16);\">Vid\u00e9o Drone Soci\u00e9t\u00e9 vous offre le meilleur angle pour booster votre message !<\/span><\/p>\r\n                  <\/div>\r\n                <\/div>\r\n              <\/div>\r\n            <\/div>\r\n          <\/div>\r\n        <\/div>\r\n      <\/div>\r\n    <\/div>\r\n  <\/div>\r\n<\/div>","protected":false},"excerpt":{"rendered":"<p>Des projets sur mesure Adapt\u00e9 \u00e0 votre image d&rsquo;entreprise, \u00e0 vos valeurs, \u00e0 vos envies. VDS s&rsquo;efforce de faire du projet vid\u00e9o, VOTRE projet. Le projet inclut la r\u00e9flexion du sc\u00e9nario, l&rsquo;ambiance, le type d&rsquo;image et de montage souhait\u00e9. demandez un devis Cr\u00e9atif et Adapt\u00e9\ufeff Vid\u00e9o Drone Soci\u00e9t\u00e9 vous offre le meilleur angle pour booster [&hellip;]<\/p>\n","protected":false},"author":1,"featured_media":0,"parent":0,"menu_order":0,"comment_status":"closed","ping_status":"closed","template":"page-templates\/full-width-page.php","meta":{"footnotes":""},"yoast_head":"<!-- This site is optimized with the Yoast SEO plugin v17.6 - https:\/\/yoast.com\/wordpress\/plugins\/seo\/ -->\n<title>Montages- vid\u00e9os- r\u00e9seaux sociaux et \u00e9v\u00e9nements<\/title>\n<meta name=\"description\" content=\"De la r\u00e9alisation \u00e0 la production de votre montage vid\u00e9o, VDS s&#039;occupe de votre projet pour entreprise, mariage, \u00e9v\u00e9nement.\" \/>\n<meta name=\"robots\" content=\"index, follow, max-snippet:-1, max-image-preview:large, max-video-preview:-1\" \/>\n<link rel=\"canonical\" href=\"https:\/\/xn--vds-vido-drone-cambrai-h8b.com\/index.php\/realisation-et-montage-video\/\" \/>\n<meta property=\"og:locale\" content=\"fr_FR\" \/>\n<meta property=\"og:type\" content=\"article\" \/>\n<meta property=\"og:title\" content=\"Montages- vid\u00e9os- r\u00e9seaux sociaux et \u00e9v\u00e9nements\" \/>\n<meta property=\"og:description\" content=\"De la r\u00e9alisation \u00e0 la production de votre montage vid\u00e9o, VDS s&#039;occupe de votre projet pour entreprise, mariage, \u00e9v\u00e9nement.\" \/>\n<meta property=\"og:url\" content=\"https:\/\/xn--vds-vido-drone-cambrai-h8b.com\/index.php\/realisation-et-montage-video\/\" \/>\n<meta property=\"article:publisher\" content=\"https:\/\/www.facebook.com\/VideodroneVDS\" \/>\n<meta property=\"article:modified_time\" content=\"2021-06-22T06:38:42+00:00\" \/>\n<meta name=\"twitter:card\" content=\"summary_large_image\" \/>\n<script type=\"application\/ld+json\" class=\"yoast-schema-graph\">{\"@context\":\"https:\/\/schema.org\",\"@graph\":[{\"@type\":\"Organization\",\"@id\":\"https:\/\/xn--vds-vido-drone-cambrai-h8b.com\/#organization\",\"name\":\"VDS- Vid\\u00e9o drone soci\\u00e9t\\u00e9\",\"url\":\"https:\/\/xn--vds-vido-drone-cambrai-h8b.com\/\",\"sameAs\":[\"https:\/\/www.facebook.com\/VideodroneVDS\",\"https:\/\/www.linkedin.com\/company\/vds-vid\\u00e9o-drone-soci\\u00e9t\\u00e9\/?viewAsMember=true\"],\"logo\":{\"@type\":\"ImageObject\",\"@id\":\"https:\/\/xn--vds-vido-drone-cambrai-h8b.com\/#logo\",\"inLanguage\":\"fr-FR\",\"url\":\"https:\/\/xn--vds-vido-drone-cambrai-h8b.com\/wp-content\/uploads\/2021\/03\/cropped-cropped-cropped-Logo-IN-1-5.png\",\"contentUrl\":\"https:\/\/xn--vds-vido-drone-cambrai-h8b.com\/wp-content\/uploads\/2021\/03\/cropped-cropped-cropped-Logo-IN-1-5.png\",\"width\":300,\"height\":300,\"caption\":\"VDS- Vid\\u00e9o drone soci\\u00e9t\\u00e9\"},\"image\":{\"@id\":\"https:\/\/xn--vds-vido-drone-cambrai-h8b.com\/#logo\"}},{\"@type\":\"WebSite\",\"@id\":\"https:\/\/xn--vds-vido-drone-cambrai-h8b.com\/#website\",\"url\":\"https:\/\/xn--vds-vido-drone-cambrai-h8b.com\/\",\"name\":\"\",\"description\":\"VDS Video drone soci\\u00e9t\\u00e9\",\"publisher\":{\"@id\":\"https:\/\/xn--vds-vido-drone-cambrai-h8b.com\/#organization\"},\"potentialAction\":[{\"@type\":\"SearchAction\",\"target\":{\"@type\":\"EntryPoint\",\"urlTemplate\":\"https:\/\/xn--vds-vido-drone-cambrai-h8b.com\/?s={search_term_string}\"},\"query-input\":\"required name=search_term_string\"}],\"inLanguage\":\"fr-FR\"},{\"@type\":\"WebPage\",\"@id\":\"https:\/\/xn--vds-vido-drone-cambrai-h8b.com\/index.php\/realisation-et-montage-video\/#webpage\",\"url\":\"https:\/\/xn--vds-vido-drone-cambrai-h8b.com\/index.php\/realisation-et-montage-video\/\",\"name\":\"Montages- vid\\u00e9os- r\\u00e9seaux sociaux et \\u00e9v\\u00e9nements\",\"isPartOf\":{\"@id\":\"https:\/\/xn--vds-vido-drone-cambrai-h8b.com\/#website\"},\"datePublished\":\"2021-04-07T18:45:57+00:00\",\"dateModified\":\"2021-06-22T06:38:42+00:00\",\"description\":\"De la r\\u00e9alisation \\u00e0 la production de votre montage vid\\u00e9o, VDS s'occupe de votre projet pour entreprise, mariage, \\u00e9v\\u00e9nement.\",\"breadcrumb\":{\"@id\":\"https:\/\/xn--vds-vido-drone-cambrai-h8b.com\/index.php\/realisation-et-montage-video\/#breadcrumb\"},\"inLanguage\":\"fr-FR\",\"potentialAction\":[{\"@type\":\"ReadAction\",\"target\":[\"https:\/\/xn--vds-vido-drone-cambrai-h8b.com\/index.php\/realisation-et-montage-video\/\"]}]},{\"@type\":\"BreadcrumbList\",\"@id\":\"https:\/\/xn--vds-vido-drone-cambrai-h8b.com\/index.php\/realisation-et-montage-video\/#breadcrumb\",\"itemListElement\":[{\"@type\":\"ListItem\",\"position\":1,\"name\":\"Accueil\",\"item\":\"https:\/\/xn--vds-vido-drone-cambrai-h8b.com\/\"},{\"@type\":\"ListItem\",\"position\":2,\"name\":\"R\\u00e9alisation et montage Vid\\u00e9o\"}]}]}<\/script>\n<!-- \/ Yoast SEO plugin. -->","yoast_head_json":{"title":"Montages- vid\u00e9os- r\u00e9seaux sociaux et \u00e9v\u00e9nements","description":"De la r\u00e9alisation \u00e0 la production de votre montage vid\u00e9o, VDS s'occupe de votre projet pour entreprise, mariage, \u00e9v\u00e9nement.","robots":{"index":"index","follow":"follow","max-snippet":"max-snippet:-1","max-image-preview":"max-image-preview:large","max-video-preview":"max-video-preview:-1"},"canonical":"https:\/\/xn--vds-vido-drone-cambrai-h8b.com\/index.php\/realisation-et-montage-video\/","og_locale":"fr_FR","og_type":"article","og_title":"Montages- vid\u00e9os- r\u00e9seaux sociaux et \u00e9v\u00e9nements","og_description":"De la r\u00e9alisation \u00e0 la production de votre montage vid\u00e9o, VDS s'occupe de votre projet pour entreprise, mariage, \u00e9v\u00e9nement.","og_url":"https:\/\/xn--vds-vido-drone-cambrai-h8b.com\/index.php\/realisation-et-montage-video\/","article_publisher":"https:\/\/www.facebook.com\/VideodroneVDS","article_modified_time":"2021-06-22T06:38:42+00:00","twitter_card":"summary_large_image","schema":{"@context":"https:\/\/schema.org","@graph":[{"@type":"Organization","@id":"https:\/\/xn--vds-vido-drone-cambrai-h8b.com\/#organization","name":"VDS- Vid\u00e9o drone soci\u00e9t\u00e9","url":"https:\/\/xn--vds-vido-drone-cambrai-h8b.com\/","sameAs":["https:\/\/www.facebook.com\/VideodroneVDS","https:\/\/www.linkedin.com\/company\/vds-vid\u00e9o-drone-soci\u00e9t\u00e9\/?viewAsMember=true"],"logo":{"@type":"ImageObject","@id":"https:\/\/xn--vds-vido-drone-cambrai-h8b.com\/#logo","inLanguage":"fr-FR","url":"https:\/\/xn--vds-vido-drone-cambrai-h8b.com\/wp-content\/uploads\/2021\/03\/cropped-cropped-cropped-Logo-IN-1-5.png","contentUrl":"https:\/\/xn--vds-vido-drone-cambrai-h8b.com\/wp-content\/uploads\/2021\/03\/cropped-cropped-cropped-Logo-IN-1-5.png","width":300,"height":300,"caption":"VDS- Vid\u00e9o drone soci\u00e9t\u00e9"},"image":{"@id":"https:\/\/xn--vds-vido-drone-cambrai-h8b.com\/#logo"}},{"@type":"WebSite","@id":"https:\/\/xn--vds-vido-drone-cambrai-h8b.com\/#website","url":"https:\/\/xn--vds-vido-drone-cambrai-h8b.com\/","name":"","description":"VDS Video drone soci\u00e9t\u00e9","publisher":{"@id":"https:\/\/xn--vds-vido-drone-cambrai-h8b.com\/#organization"},"potentialAction":[{"@type":"SearchAction","target":{"@type":"EntryPoint","urlTemplate":"https:\/\/xn--vds-vido-drone-cambrai-h8b.com\/?s={search_term_string}"},"query-input":"required name=search_term_string"}],"inLanguage":"fr-FR"},{"@type":"WebPage","@id":"https:\/\/xn--vds-vido-drone-cambrai-h8b.com\/index.php\/realisation-et-montage-video\/#webpage","url":"https:\/\/xn--vds-vido-drone-cambrai-h8b.com\/index.php\/realisation-et-montage-video\/","name":"Montages- vid\u00e9os- r\u00e9seaux sociaux et \u00e9v\u00e9nements","isPartOf":{"@id":"https:\/\/xn--vds-vido-drone-cambrai-h8b.com\/#website"},"datePublished":"2021-04-07T18:45:57+00:00","dateModified":"2021-06-22T06:38:42+00:00","description":"De la r\u00e9alisation \u00e0 la production de votre montage vid\u00e9o, VDS s'occupe de votre projet pour entreprise, mariage, \u00e9v\u00e9nement.","breadcrumb":{"@id":"https:\/\/xn--vds-vido-drone-cambrai-h8b.com\/index.php\/realisation-et-montage-video\/#breadcrumb"},"inLanguage":"fr-FR","potentialAction":[{"@type":"ReadAction","target":["https:\/\/xn--vds-vido-drone-cambrai-h8b.com\/index.php\/realisation-et-montage-video\/"]}]},{"@type":"BreadcrumbList","@id":"https:\/\/xn--vds-vido-drone-cambrai-h8b.com\/index.php\/realisation-et-montage-video\/#breadcrumb","itemListElement":[{"@type":"ListItem","position":1,"name":"Accueil","item":"https:\/\/xn--vds-vido-drone-cambrai-h8b.com\/"},{"@type":"ListItem","position":2,"name":"R\u00e9alisation et montage Vid\u00e9o"}]}]}},"_links":{"self":[{"href":"https:\/\/xn--vds-vido-drone-cambrai-h8b.com\/index.php\/wp-json\/wp\/v2\/pages\/500"}],"collection":[{"href":"https:\/\/xn--vds-vido-drone-cambrai-h8b.com\/index.php\/wp-json\/wp\/v2\/pages"}],"about":[{"href":"https:\/\/xn--vds-vido-drone-cambrai-h8b.com\/index.php\/wp-json\/wp\/v2\/types\/page"}],"author":[{"embeddable":true,"href":"https:\/\/xn--vds-vido-drone-cambrai-h8b.com\/index.php\/wp-json\/wp\/v2\/users\/1"}],"replies":[{"embeddable":true,"href":"https:\/\/xn--vds-vido-drone-cambrai-h8b.com\/index.php\/wp-json\/wp\/v2\/comments?post=500"}],"version-history":[{"count":10,"href":"https:\/\/xn--vds-vido-drone-cambrai-h8b.com\/index.php\/wp-json\/wp\/v2\/pages\/500\/revisions"}],"predecessor-version":[{"id":1333,"href":"https:\/\/xn--vds-vido-drone-cambrai-h8b.com\/index.php\/wp-json\/wp\/v2\/pages\/500\/revisions\/1333"}],"wp:attachment":[{"href":"https:\/\/xn--vds-vido-drone-cambrai-h8b.com\/index.php\/wp-json\/wp\/v2\/media?parent=500"}],"curies":[{"name":"wp","href":"https:\/\/api.w.org\/{rel}","templated":true}]}}